{"id":516,"date":"2022-10-14T12:54:32","date_gmt":"2022-10-14T12:54:32","guid":{"rendered":"https:\/\/ciudadanoconversacional.com\/?page_id=516"},"modified":"2022-10-19T16:46:43","modified_gmt":"2022-10-19T16:46:43","slug":"cursos","status":"publish","type":"page","link":"https:\/\/ciudadanoconversacional.com\/es\/cursos\/","title":{"rendered":"Cursos"},"content":{"rendered":"<p>[et_pb_section fb_built=\u00bb1&#8243; fullwidth=\u00bbon\u00bb admin_label=\u00bbHeader\u00bb _builder_version=\u00bb4.18.0&#8243; background_image=\u00bbhttps:\/\/ciudadanoconversacional.com\/wp-content\/uploads\/2022\/10\/Conversational-Citizen-07.jpg\u00bb parallax=\u00bbon\u00bb custom_padding=\u00bb|||\u00bb animation_style=\u00bbslide\u00bb animation_direction=\u00bbtop\u00bb animation_intensity_slide=\u00bb2%\u00bb global_colors_info=\u00bb{}\u00bb][et_pb_fullwidth_header title=\u00bbFormaci\u00f3n para empleabilidad\u00bb button_one_text=\u00bbVer cursos\u00bb button_one_url=\u00bb#curso\u00bb background_overlay_color=\u00bbrgba(255,255,255,0.6)\u00bb content_max_width=\u00bb700px\u00bb content_max_width_tablet=\u00bb100%\u00bb content_max_width_phone=\u00bb\u00bb content_max_width_last_edited=\u00bbon|desktop\u00bb _builder_version=\u00bb4.18.0&#8243; title_font=\u00bbRoboto|300|||||||\u00bb title_font_size=\u00bb60px\u00bb title_line_height=\u00bb1.4em\u00bb content_font=\u00bb||||||||\u00bb content_font_size=\u00bb17px\u00bb content_line_height=\u00bb1.9em\u00bb subhead_font=\u00bb|600|||||||\u00bb subhead_font_size=\u00bb20px\u00bb subhead_line_height=\u00bb1.8em\u00bb background_color=\u00bbrgba(255,255,255,0.69)\u00bb background_image=\u00bbhttps:\/\/ciudadanoconversacional.com\/wp-content\/uploads\/2022\/10\/dots-3.png\u00bb custom_button_one=\u00bbon\u00bb button_one_text_size=\u00bb14px\u00bb button_one_text_color=\u00bb#ffffff\u00bb button_one_bg_color=\u00bb#185359&#8243; button_one_bg_color_gradient_direction=\u00bb90deg\u00bb button_one_bg_color_gradient_stops=\u00bb#d883f8 0%|#352DBE 100%\u00bb button_one_bg_color_gradient_start=\u00bb#d883f8&#8243; button_one_bg_color_gradient_end=\u00bb#352DBE\u00bb button_one_border_width=\u00bb10px\u00bb button_one_border_color=\u00bbrgba(0,0,0,0)\u00bb button_one_border_radius=\u00bb100px\u00bb button_one_letter_spacing=\u00bb3px\u00bb button_one_font=\u00bbRoboto|700||on|||||\u00bb custom_button_two=\u00bbon\u00bb button_two_text_size=\u00bb14px\u00bb button_two_text_color=\u00bb#ffffff\u00bb button_two_bg_color=\u00bb#06c8ff\u00bb button_two_border_width=\u00bb10px\u00bb button_two_border_color=\u00bbrgba(0,0,0,0)\u00bb button_two_border_radius=\u00bb100px\u00bb button_two_letter_spacing=\u00bb3px\u00bb button_two_font=\u00bbRoboto|700||on|||||\u00bb background_layout=\u00bblight\u00bb custom_margin=\u00bb||||false\u00bb custom_padding=\u00bb8vw||8vw||true\u00bb title_font_size_tablet=\u00bb40px\u00bb title_font_size_phone=\u00bb32px\u00bb title_font_size_last_edited=\u00bbon|desktop\u00bb button_one_text_color_hover=\u00bb#ffffff\u00bb button_two_text_color_hover=\u00bb#ffffff\u00bb button_one_letter_spacing_hover=\u00bb3px\u00bb button_two_letter_spacing_hover=\u00bb3px\u00bb global_colors_info=\u00bb{}\u00bb button_one_text_size__hover_enabled=\u00bboff\u00bb button_two_text_size__hover_enabled=\u00bboff\u00bb button_one_text_color__hover_enabled=\u00bbon\u00bb button_one_text_color__hover=\u00bb#ffffff\u00bb button_two_text_color__hover_enabled=\u00bbon\u00bb button_two_text_color__hover=\u00bb#ffffff\u00bb button_one_border_width__hover_enabled=\u00bboff\u00bb button_two_border_width__hover_enabled=\u00bboff\u00bb button_one_border_color__hover_enabled=\u00bboff\u00bb button_two_border_color__hover_enabled=\u00bboff\u00bb button_one_border_radius__hover_enabled=\u00bboff\u00bb button_two_border_radius__hover_enabled=\u00bboff\u00bb button_one_letter_spacing__hover_enabled=\u00bbon\u00bb button_one_letter_spacing__hover=\u00bb3px\u00bb button_two_letter_spacing__hover_enabled=\u00bbon\u00bb button_two_letter_spacing__hover=\u00bb3px\u00bb button_one_bg_color__hover_enabled=\u00bboff\u00bb button_two_bg_color__hover_enabled=\u00bboff\u00bb]<\/p>\n<p>En Ciudadano Conversacional ofrecemos formaci\u00f3n gratuita en competencias que te abran camino para desarrollarte como profesional en el \u00e1mbito conversacional.<\/p>\n<p>[\/et_pb_fullwidth_header][\/et_pb_section][et_pb_section fb_built=\u00bb1&#8243; admin_label=\u00bbconference\u00bb module_id=\u00bbcurso\u00bb _builder_version=\u00bb4.18.0&#8243; global_colors_info=\u00bb{}\u00bb][et_pb_row column_structure=\u00bb2_5,3_5&#8243; padding_top_bottom_link_1=\u00bbtrue\u00bb padding_left_right_link_1=\u00bbtrue\u00bb _builder_version=\u00bb4.18.0&#8243; global_colors_info=\u00bb{}\u00bb][et_pb_column type=\u00bb2_5&#8243; _builder_version=\u00bb4.18.0&#8243; background_image=\u00bbhttps:\/\/ciudadanoconversacional.com\/wp-content\/uploads\/2022\/10\/cc-background-01.png\u00bb custom_padding=\u00bb50px|50px|50px|50px\u00bb custom_padding_tablet=\u00bb50px|50px|50px|50px\u00bb custom_padding_phone=\u00bb20px|20px|20px|20px|true|true\u00bb custom_padding_last_edited=\u00bbon|phone\u00bb global_colors_info=\u00bb{}\u00bb custom_padding__hover=\u00bb|||\u00bb][et_pb_image src=\u00bbhttps:\/\/ciudadanoconversacional.com\/wp-content\/uploads\/2022\/10\/curso-cc-portada.jpg\u00bb alt=\u00bbVila-real3000: Certificaci\u00f3n WhatsApp Cloud\u00bb title_text=\u00bbVila-real3000: Certificaci\u00f3n WhatsApp Cloud\u00bb align_tablet=\u00bbcenter\u00bb align_phone=\u00bbcenter\u00bb align_last_edited=\u00bbon|desktop\u00bb _builder_version=\u00bb4.18.0&#8243; animation_style=\u00bbzoom\u00bb animation_intensity_zoom=\u00bb10%\u00bb box_shadow_style=\u00bbpreset1&#8243; box_shadow_vertical=\u00bb32px\u00bb box_shadow_blur=\u00bb100px\u00bb box_shadow_color=\u00bbrgba(0,0,0,0.15)\u00bb global_colors_info=\u00bb{}\u00bb][\/et_pb_image][\/et_pb_column][et_pb_column type=\u00bb3_5&#8243; _builder_version=\u00bb4.18.0&#8243; custom_padding=\u00bb||||false|false\u00bb custom_padding_tablet=\u00bb0px|||\u00bb custom_padding_phone=\u00bb0px|||\u00bb custom_padding_last_edited=\u00bbon|desktop\u00bb global_colors_info=\u00bb{}\u00bb custom_padding__hover=\u00bb|||\u00bb][et_pb_text _builder_version=\u00bb4.18.0&#8243; text_font=\u00bb||||||||\u00bb text_font_size=\u00bb16px\u00bb text_line_height=\u00bb1.9em\u00bb header_font=\u00bb||||||||\u00bb header_2_font=\u00bbRoboto|300|||||||\u00bb header_2_font_size=\u00bb50px\u00bb header_2_line_height=\u00bb1.4em\u00bb header_2_font_size_tablet=\u00bb40px\u00bb header_2_font_size_phone=\u00bb32px\u00bb header_2_font_size_last_edited=\u00bbon|phone\u00bb global_colors_info=\u00bb{}\u00bb]<\/p>\n<h2>Vila-real3000: Certificaci\u00f3n WhatsApp Cloud<\/h2>\n<p>Los SMS y los correos electr\u00f3nicos son cosa del pasado y si no quieres que tus comunicaciones acaben en la carpeta de Spam, necesitas comunicarte con tus clientes en su canal preferido: WhatsApp.<\/p>\n<p>Aprende a desarrollar conversaciones reales en WhatsApp que enganchen a tus clientes y hagan que te elijan una y otra vez frente a tus competidores.<\/p>\n<p>Este curso, desarrollado en colaboraci\u00f3n con Ciudadano Conversacional en el marco del proyecto Vila-real3000 y WhatsApp, te ense\u00f1ar\u00e1 a trabajar con la plataforma WhatsApp Cloud, y a utilizarla para desarrollar las bases de las estrategias conversacionales de marketing, ventas o atenci\u00f3n al cliente.<\/p>\n<p>Con 13 m\u00f3dulos y 62 lecciones, aprender\u00e1s qu\u00e9 es la tercera generaci\u00f3n de WhatsApp y c\u00f3mo utilizarla para convertirte en un comunicador estrella.<\/p>\n<p>[\/et_pb_text][et_pb_button button_url=\u00bbhttps:\/\/learncbcuv.trainercentral.eu\/course\/vilareal3000-certificado-whatspp-cloud\u00bb url_new_window=\u00bbon\u00bb button_text=\u00bbAcceder al curso\u00bb button_alignment=\u00bbcenter\u00bb _builder_version=\u00bb4.18.0&#8243; custom_button=\u00bbon\u00bb button_text_size=\u00bb14px\u00bb button_text_color=\u00bb#ffffff\u00bb button_bg_color=\u00bb#30A5BF\u00bb button_border_width=\u00bb10px\u00bb button_border_color=\u00bbrgba(0,0,0,0)\u00bb button_border_radius=\u00bb100px\u00bb button_letter_spacing=\u00bb3px\u00bb button_font=\u00bbRoboto|700||on|||||\u00bb button_text_color_hover=\u00bb#ffffff\u00bb button_letter_spacing_hover=\u00bb3px\u00bb global_colors_info=\u00bb{}\u00bb button_text_size__hover_enabled=\u00bboff\u00bb button_one_text_size__hover_enabled=\u00bboff\u00bb button_two_text_size__hover_enabled=\u00bboff\u00bb button_text_color__hover_enabled=\u00bbon\u00bb button_text_color__hover=\u00bb#ffffff\u00bb button_one_text_color__hover_enabled=\u00bboff\u00bb button_two_text_color__hover_enabled=\u00bboff\u00bb button_border_width__hover_enabled=\u00bboff\u00bb button_one_border_width__hover_enabled=\u00bboff\u00bb button_two_border_width__hover_enabled=\u00bboff\u00bb button_border_color__hover_enabled=\u00bboff\u00bb button_one_border_color__hover_enabled=\u00bboff\u00bb button_two_border_color__hover_enabled=\u00bboff\u00bb button_border_radius__hover_enabled=\u00bboff\u00bb button_one_border_radius__hover_enabled=\u00bboff\u00bb button_two_border_radius__hover_enabled=\u00bboff\u00bb button_letter_spacing__hover_enabled=\u00bbon\u00bb button_letter_spacing__hover=\u00bb3px\u00bb button_one_letter_spacing__hover_enabled=\u00bboff\u00bb button_two_letter_spacing__hover_enabled=\u00bboff\u00bb button_bg_color__hover_enabled=\u00bboff\u00bb button_one_bg_color__hover_enabled=\u00bboff\u00bb button_two_bg_color__hover_enabled=\u00bboff\u00bb][\/et_pb_button][\/et_pb_column][\/et_pb_row][\/et_pb_section]<\/p>\n","protected":false},"excerpt":{"rendered":"<p>En Ciudadano Conversacional ofrecemos formaci\u00f3n gratuita en competencias que te abran camino para desarrollarte como profesional en el \u00e1mbito conversacional.Vila-real3000: Certificaci\u00f3n WhatsApp Cloud Los SMS y los correos electr\u00f3nicos son cosa del pasado y si no quieres que tus comunicaciones acaben en la carpeta de Spam, necesitas comunicarte con tus clientes en su canal preferido: [&hellip;]<\/p>\n","protected":false},"author":1,"featured_media":707,"parent":0,"menu_order":0,"comment_status":"closed","ping_status":"closed","template":"","meta":{"_et_pb_use_builder":"on","_et_pb_old_content":"","_et_gb_content_width":"","inline_featured_image":false,"footnotes":""},"yoast_head":"<!-- This site is optimized with the Yoast SEO plugin v22.8 - https:\/\/yoast.com\/wordpress\/plugins\/seo\/ -->\n<title>Cursos - Conversational Citizen<\/title>\n<meta name=\"robots\" content=\"index, follow, max-snippet:-1, max-image-preview:large, max-video-preview:-1\" \/>\n<link rel=\"canonical\" href=\"https:\/\/ciudadanoconversacional.com\/es\/cursos\/\" \/>\n<meta property=\"og:locale\" content=\"es_ES\" \/>\n<meta property=\"og:type\" content=\"article\" \/>\n<meta property=\"og:title\" content=\"Cursos - Conversational Citizen\" \/>\n<meta property=\"og:description\" content=\"En Ciudadano Conversacional ofrecemos formaci\u00f3n gratuita en competencias que te abran camino para desarrollarte como profesional en el \u00e1mbito conversacional.Vila-real3000: Certificaci\u00f3n WhatsApp Cloud Los SMS y los correos electr\u00f3nicos son cosa del pasado y si no quieres que tus comunicaciones acaben en la carpeta de Spam, necesitas comunicarte con tus clientes en su canal preferido: [&hellip;]\" \/>\n<meta property=\"og:url\" content=\"https:\/\/ciudadanoconversacional.com\/es\/cursos\/\" \/>\n<meta property=\"og:site_name\" content=\"Conversational Citizen\" \/>\n<meta property=\"article:modified_time\" content=\"2022-10-19T16:46:43+00:00\" \/>\n<meta property=\"og:image\" content=\"https:\/\/ciudadanoconversacional.com\/wp-content\/uploads\/2022\/10\/ciudadano-conversacional-04.jpg\" \/>\n\t<meta property=\"og:image:width\" content=\"800\" \/>\n\t<meta property=\"og:image:height\" content=\"800\" \/>\n\t<meta property=\"og:image:type\" content=\"image\/jpeg\" \/>\n<meta name=\"twitter:card\" content=\"summary_large_image\" \/>\n<meta name=\"twitter:label1\" content=\"Tiempo de lectura\" \/>\n\t<meta name=\"twitter:data1\" content=\"3 minutos\" \/>\n<script type=\"application\/ld+json\" class=\"yoast-schema-graph\">{\"@context\":\"https:\/\/schema.org\",\"@graph\":[{\"@type\":\"WebPage\",\"@id\":\"https:\/\/ciudadanoconversacional.com\/es\/cursos\/\",\"url\":\"https:\/\/ciudadanoconversacional.com\/es\/cursos\/\",\"name\":\"Cursos - Conversational Citizen\",\"isPartOf\":{\"@id\":\"https:\/\/ciudadanoconversacional.com\/#website\"},\"primaryImageOfPage\":{\"@id\":\"https:\/\/ciudadanoconversacional.com\/es\/cursos\/#primaryimage\"},\"image\":{\"@id\":\"https:\/\/ciudadanoconversacional.com\/es\/cursos\/#primaryimage\"},\"thumbnailUrl\":\"https:\/\/ciudadanoconversacional.com\/wp-content\/uploads\/2022\/10\/ciudadano-conversacional-04.jpg\",\"datePublished\":\"2022-10-14T12:54:32+00:00\",\"dateModified\":\"2022-10-19T16:46:43+00:00\",\"breadcrumb\":{\"@id\":\"https:\/\/ciudadanoconversacional.com\/es\/cursos\/#breadcrumb\"},\"inLanguage\":\"es\",\"potentialAction\":[{\"@type\":\"ReadAction\",\"target\":[\"https:\/\/ciudadanoconversacional.com\/es\/cursos\/\"]}]},{\"@type\":\"ImageObject\",\"inLanguage\":\"es\",\"@id\":\"https:\/\/ciudadanoconversacional.com\/es\/cursos\/#primaryimage\",\"url\":\"https:\/\/ciudadanoconversacional.com\/wp-content\/uploads\/2022\/10\/ciudadano-conversacional-04.jpg\",\"contentUrl\":\"https:\/\/ciudadanoconversacional.com\/wp-content\/uploads\/2022\/10\/ciudadano-conversacional-04.jpg\",\"width\":800,\"height\":800},{\"@type\":\"BreadcrumbList\",\"@id\":\"https:\/\/ciudadanoconversacional.com\/es\/cursos\/#breadcrumb\",\"itemListElement\":[{\"@type\":\"ListItem\",\"position\":1,\"name\":\"Home\",\"item\":\"https:\/\/ciudadanoconversacional.com\/es\/\"},{\"@type\":\"ListItem\",\"position\":2,\"name\":\"Cursos\"}]},{\"@type\":\"WebSite\",\"@id\":\"https:\/\/ciudadanoconversacional.com\/#website\",\"url\":\"https:\/\/ciudadanoconversacional.com\/\",\"name\":\"Conversational Citizen\",\"description\":\"Conversational Citizen\",\"publisher\":{\"@id\":\"https:\/\/ciudadanoconversacional.com\/#organization\"},\"potentialAction\":[{\"@type\":\"SearchAction\",\"target\":{\"@type\":\"EntryPoint\",\"urlTemplate\":\"https:\/\/ciudadanoconversacional.com\/?s={search_term_string}\"},\"query-input\":\"required name=search_term_string\"}],\"inLanguage\":\"es\"},{\"@type\":\"Organization\",\"@id\":\"https:\/\/ciudadanoconversacional.com\/#organization\",\"name\":\"Conversational Citizen\",\"url\":\"https:\/\/ciudadanoconversacional.com\/\",\"logo\":{\"@type\":\"ImageObject\",\"inLanguage\":\"es\",\"@id\":\"https:\/\/ciudadanoconversacional.com\/#\/schema\/logo\/image\/\",\"url\":\"https:\/\/conversationalcitizen.com\/wp-content\/uploads\/2022\/10\/conversational-citizen-logo-v.png\",\"contentUrl\":\"https:\/\/conversationalcitizen.com\/wp-content\/uploads\/2022\/10\/conversational-citizen-logo-v.png\",\"width\":600,\"height\":557,\"caption\":\"Conversational Citizen\"},\"image\":{\"@id\":\"https:\/\/ciudadanoconversacional.com\/#\/schema\/logo\/image\/\"}}]}<\/script>\n<!-- \/ Yoast SEO plugin. -->","yoast_head_json":{"title":"Cursos - Conversational Citizen","robots":{"index":"index","follow":"follow","max-snippet":"max-snippet:-1","max-image-preview":"max-image-preview:large","max-video-preview":"max-video-preview:-1"},"canonical":"https:\/\/ciudadanoconversacional.com\/es\/cursos\/","og_locale":"es_ES","og_type":"article","og_title":"Cursos - Conversational Citizen","og_description":"En Ciudadano Conversacional ofrecemos formaci\u00f3n gratuita en competencias que te abran camino para desarrollarte como profesional en el \u00e1mbito conversacional.Vila-real3000: Certificaci\u00f3n WhatsApp Cloud Los SMS y los correos electr\u00f3nicos son cosa del pasado y si no quieres que tus comunicaciones acaben en la carpeta de Spam, necesitas comunicarte con tus clientes en su canal preferido: [&hellip;]","og_url":"https:\/\/ciudadanoconversacional.com\/es\/cursos\/","og_site_name":"Conversational Citizen","article_modified_time":"2022-10-19T16:46:43+00:00","og_image":[{"width":800,"height":800,"url":"https:\/\/ciudadanoconversacional.com\/wp-content\/uploads\/2022\/10\/ciudadano-conversacional-04.jpg","type":"image\/jpeg"}],"twitter_card":"summary_large_image","twitter_misc":{"Tiempo de lectura":"3 minutos"},"schema":{"@context":"https:\/\/schema.org","@graph":[{"@type":"WebPage","@id":"https:\/\/ciudadanoconversacional.com\/es\/cursos\/","url":"https:\/\/ciudadanoconversacional.com\/es\/cursos\/","name":"Cursos - Conversational Citizen","isPartOf":{"@id":"https:\/\/ciudadanoconversacional.com\/#website"},"primaryImageOfPage":{"@id":"https:\/\/ciudadanoconversacional.com\/es\/cursos\/#primaryimage"},"image":{"@id":"https:\/\/ciudadanoconversacional.com\/es\/cursos\/#primaryimage"},"thumbnailUrl":"https:\/\/ciudadanoconversacional.com\/wp-content\/uploads\/2022\/10\/ciudadano-conversacional-04.jpg","datePublished":"2022-10-14T12:54:32+00:00","dateModified":"2022-10-19T16:46:43+00:00","breadcrumb":{"@id":"https:\/\/ciudadanoconversacional.com\/es\/cursos\/#breadcrumb"},"inLanguage":"es","potentialAction":[{"@type":"ReadAction","target":["https:\/\/ciudadanoconversacional.com\/es\/cursos\/"]}]},{"@type":"ImageObject","inLanguage":"es","@id":"https:\/\/ciudadanoconversacional.com\/es\/cursos\/#primaryimage","url":"https:\/\/ciudadanoconversacional.com\/wp-content\/uploads\/2022\/10\/ciudadano-conversacional-04.jpg","contentUrl":"https:\/\/ciudadanoconversacional.com\/wp-content\/uploads\/2022\/10\/ciudadano-conversacional-04.jpg","width":800,"height":800},{"@type":"BreadcrumbList","@id":"https:\/\/ciudadanoconversacional.com\/es\/cursos\/#breadcrumb","itemListElement":[{"@type":"ListItem","position":1,"name":"Home","item":"https:\/\/ciudadanoconversacional.com\/es\/"},{"@type":"ListItem","position":2,"name":"Cursos"}]},{"@type":"WebSite","@id":"https:\/\/ciudadanoconversacional.com\/#website","url":"https:\/\/ciudadanoconversacional.com\/","name":"Conversational Citizen","description":"Conversational Citizen","publisher":{"@id":"https:\/\/ciudadanoconversacional.com\/#organization"},"potentialAction":[{"@type":"SearchAction","target":{"@type":"EntryPoint","urlTemplate":"https:\/\/ciudadanoconversacional.com\/?s={search_term_string}"},"query-input":"required name=search_term_string"}],"inLanguage":"es"},{"@type":"Organization","@id":"https:\/\/ciudadanoconversacional.com\/#organization","name":"Conversational Citizen","url":"https:\/\/ciudadanoconversacional.com\/","logo":{"@type":"ImageObject","inLanguage":"es","@id":"https:\/\/ciudadanoconversacional.com\/#\/schema\/logo\/image\/","url":"https:\/\/conversationalcitizen.com\/wp-content\/uploads\/2022\/10\/conversational-citizen-logo-v.png","contentUrl":"https:\/\/conversationalcitizen.com\/wp-content\/uploads\/2022\/10\/conversational-citizen-logo-v.png","width":600,"height":557,"caption":"Conversational Citizen"},"image":{"@id":"https:\/\/ciudadanoconversacional.com\/#\/schema\/logo\/image\/"}}]}},"_links":{"self":[{"href":"https:\/\/ciudadanoconversacional.com\/es\/wp-json\/wp\/v2\/pages\/516"}],"collection":[{"href":"https:\/\/ciudadanoconversacional.com\/es\/wp-json\/wp\/v2\/pages"}],"about":[{"href":"https:\/\/ciudadanoconversacional.com\/es\/wp-json\/wp\/v2\/types\/page"}],"author":[{"embeddable":true,"href":"https:\/\/ciudadanoconversacional.com\/es\/wp-json\/wp\/v2\/users\/1"}],"replies":[{"embeddable":true,"href":"https:\/\/ciudadanoconversacional.com\/es\/wp-json\/wp\/v2\/comments?post=516"}],"version-history":[{"count":17,"href":"https:\/\/ciudadanoconversacional.com\/es\/wp-json\/wp\/v2\/pages\/516\/revisions"}],"predecessor-version":[{"id":861,"href":"https:\/\/ciudadanoconversacional.com\/es\/wp-json\/wp\/v2\/pages\/516\/revisions\/861"}],"wp:featuredmedia":[{"embeddable":true,"href":"https:\/\/ciudadanoconversacional.com\/es\/wp-json\/wp\/v2\/media\/707"}],"wp:attachment":[{"href":"https:\/\/ciudadanoconversacional.com\/es\/wp-json\/wp\/v2\/media?parent=516"}],"curies":[{"name":"wp","href":"https:\/\/api.w.org\/{rel}","templated":true}]}}